{"id":1515,"date":"2026-02-22T21:43:51","date_gmt":"2026-02-23T00:43:51","guid":{"rendered":"https:\/\/club.dinhosreef.com\/niveis-de-associacao\/"},"modified":"2026-03-05T13:49:51","modified_gmt":"2026-03-05T16:49:51","slug":"niveis-de-associacao","status":"publish","type":"page","link":"https:\/\/club.dinhosreef.com\/en\/niveis-de-associacao\/","title":{"rendered":"N\u00edveis de associa\u00e7\u00e3o"},"content":{"rendered":"\t\t<div data-elementor-type=\"wp-page\" data-elementor-id=\"1515\" class=\"elementor elementor-1515\" data-elementor-post-type=\"page\">\n\t\t\t\t<div class=\"elementor-element elementor-element-53887521 e-flex e-con-boxed e-con e-parent\" data-id=\"53887521\" data-element_type=\"container\" data-e-type=\"container\">\n\t\t\t\t\t<div class=\"e-con-inner\">\n\t\t\t\t<div class=\"elementor-element elementor-element-532dd1bf elementor-widget elementor-widget-text-editor\" data-id=\"532dd1bf\" data-element_type=\"widget\" data-e-type=\"widget\" data-widget_type=\"text-editor.default\">\n\t\t\t\t\t\t\t\t\t<p>\u00a0<\/p>\n\n<p><strong><a href=\"https:\/\/dinhosreef.com\/niveis-de-associacao\/\">&#8220;Assine em DinhoSReef.com&#8221;<\/a><\/strong><\/p>\n\t\t\t\t\t\t\t\t<\/div>\n\t\t\t\t<div class=\"elementor-element elementor-element-7209893 elementor-invisible elementor-widget elementor-widget-image\" data-id=\"7209893\" data-element_type=\"widget\" data-e-type=\"widget\" data-settings=\"{&quot;motion_fx_motion_fx_scrolling&quot;:&quot;yes&quot;,&quot;_animation&quot;:&quot;bounceIn&quot;,&quot;motion_fx_devices&quot;:[&quot;desktop&quot;,&quot;tablet&quot;,&quot;mobile&quot;]}\" data-widget_type=\"image.default\">\n\t\t\t\t\t\t\t\t\t\t\t\t\t\t\t<img fetchpriority=\"high\" decoding=\"async\" width=\"508\" height=\"600\" src=\"https:\/\/club.dinhosreef.com\/wp-content\/uploads\/sites\/7\/2026\/02\/dedo.png\" class=\"attachment-large size-large wp-image-1550\" alt=\"\" srcset=\"https:\/\/club.dinhosreef.com\/wp-content\/uploads\/sites\/7\/2026\/02\/dedo.png 508w, https:\/\/club.dinhosreef.com\/wp-content\/uploads\/sites\/7\/2026\/02\/dedo-254x300.png 254w\" sizes=\"(max-width: 508px) 100vw, 508px\" \/>\t\t\t\t\t\t\t\t\t\t\t\t\t\t\t<\/div>\n\t\t\t\t\t<\/div>\n\t\t\t\t<\/div>\n\t\t<div class=\"elementor-element elementor-element-c510f42 e-flex e-con-boxed e-con e-parent\" data-id=\"c510f42\" data-element_type=\"container\" data-e-type=\"container\">\n\t\t\t\t\t<div class=\"e-con-inner\">\n\t\t<div class=\"elementor-element elementor-element-781deb3 e-con-full e-flex e-con e-child\" data-id=\"781deb3\" data-element_type=\"container\" data-e-type=\"container\">\n\t\t<div class=\"elementor-element elementor-element-d393a29 e-con-full e-flex e-con e-child\" data-id=\"d393a29\" data-element_type=\"container\" data-e-type=\"container\">\n\t\t\t\t<div class=\"elementor-element elementor-element-de2276e elementor-widget elementor-widget-heading\" data-id=\"de2276e\" data-element_type=\"widget\" data-e-type=\"widget\" data-widget_type=\"heading.default\">\n\t\t\t\t\t<h2 class=\"elementor-heading-title elementor-size-default\">Plano DinhoS Club - Pro<\/h2>\t\t\t\t<\/div>\n\t\t\t\t<div class=\"elementor-element elementor-element-62d770d elementor-widget elementor-widget-text-editor\" data-id=\"62d770d\" data-element_type=\"widget\" data-e-type=\"widget\" data-widget_type=\"text-editor.default\">\n\t\t\t\t\t\t\t\t\t<h2 data-start=\"204\" data-end=\"233\"><img decoding=\"async\" class=\"emoji\" role=\"img\" draggable=\"false\" src=\"https:\/\/s.w.org\/images\/core\/emoji\/17.0.2\/svg\/1f525.svg\" alt=\"\ud83d\udd25\" \/> DinhoS Club \u2013 Plano PRO<\/h2>\n<p data-start=\"235\" data-end=\"376\"><img decoding=\"async\" class=\"emoji\" role=\"img\" draggable=\"false\" src=\"https:\/\/s.w.org\/images\/core\/emoji\/17.0.2\/svg\/1f48e.svg\" alt=\"\ud83d\udc8e\" \/> <strong data-start=\"238\" data-end=\"273\">Ganhe Reefs em todas as compras<\/strong><br data-start=\"273\" data-end=\"276\" \/>A cada <strong data-start=\"283\" data-end=\"302\">R$ 20,00 gastos<\/strong>, voc\u00ea ganha <strong data-start=\"315\" data-end=\"325\">1 Reef<\/strong> para trocar por descontos e benef\u00edcios exclusivos.<\/p>\n<p data-start=\"378\" data-end=\"504\"><img decoding=\"async\" class=\"emoji\" role=\"img\" draggable=\"false\" src=\"https:\/\/s.w.org\/images\/core\/emoji\/17.0.2\/svg\/23f3.svg\" alt=\"\u23f3\" \/> <strong data-start=\"453\" data-end=\"477\">Validade inteligente<\/strong><br data-start=\"410\" data-end=\"413\" \/>Seus Reefs t\u00eam validade de <strong>60 dias<\/strong>, dando liberdade total para planejar seus resgates.<\/p>\n<p data-start=\"506\" data-end=\"607\"><img decoding=\"async\" class=\"emoji\" role=\"img\" draggable=\"false\" src=\"https:\/\/s.w.org\/images\/core\/emoji\/17.0.2\/svg\/26a1.svg\" alt=\"\u26a1\" \/> <strong data-start=\"508\" data-end=\"539\">Reefs liberados rapidamente<\/strong><br data-start=\"539\" data-end=\"542\" \/>Os Reefs conquistados ficam dispon\u00edveis <strong data-start=\"659\" data-end=\"691\">ap\u00f3s a confirma\u00e7\u00e3o do pedido<\/strong>, garantindo seguran\u00e7a e transpar\u00eancia.<\/p>\n<p data-start=\"609\" data-end=\"715\"><img decoding=\"async\" class=\"emoji\" role=\"img\" draggable=\"false\" src=\"https:\/\/s.w.org\/images\/core\/emoji\/17.0.2\/svg\/1f4b8.svg\" alt=\"\ud83d\udcb8\" \/> <strong data-start=\"612\" data-end=\"650\">At\u00e9 50% de desconto em TODO o site<\/strong><br data-start=\"650\" data-end=\"653\" \/>Todas as Compras com no minimo de 15% de desconto. Aproveite pre\u00e7os especiais reservados apenas para membros PRO.<\/p>\n<p data-start=\"717\" data-end=\"791\"><img decoding=\"async\" class=\"emoji\" role=\"img\" draggable=\"false\" src=\"https:\/\/s.w.org\/images\/core\/emoji\/17.0.2\/svg\/1f69a.svg\" alt=\"\ud83d\ude9a\" \/> <strong data-start=\"720\" data-end=\"742\">Fretes com descontos<\/strong><br data-start=\"742\" data-end=\"745\" \/>Economize ainda mais em todos os seus pedidos, verificar localidade.<\/p>\n<p data-start=\"793\" data-end=\"876\"><img decoding=\"async\" class=\"emoji\" role=\"img\" draggable=\"false\" src=\"https:\/\/s.w.org\/images\/core\/emoji\/17.0.2\/svg\/1f381.svg\" alt=\"\ud83c\udf81\" \/> <strong data-start=\"796\" data-end=\"816\">Brindes surpresa<\/strong><br data-start=\"816\" data-end=\"819\" \/>Receba brindes exclusivos em compras acima de <strong data-start=\"865\" data-end=\"875\">R$ 100<\/strong>.<\/p>\n<p data-start=\"878\" data-end=\"985\"><img decoding=\"async\" class=\"emoji\" role=\"img\" draggable=\"false\" src=\"https:\/\/s.w.org\/images\/core\/emoji\/17.0.2\/svg\/1f525.svg\" alt=\"\ud83d\udd25\" \/> <strong data-start=\"881\" data-end=\"924\">Acesso antecipado a sald\u00f5es e promo\u00e7\u00f5es<\/strong><br data-start=\"924\" data-end=\"927\" \/>Compre antes de todo mundo e garanta os melhores produtos.<\/p>\n<p data-start=\"878\" data-end=\"985\">\ud83c\udfec &#8220;Clube Loja F\u00edsica&#8221; Todos os benef\u00edcios s\u00e3o v\u00e1lidos nas lojas f\u00edsicas e online.<\/p>\n<hr data-start=\"1094\" data-end=\"1097\" \/>\n<h3 data-start=\"1099\" data-end=\"1128\"><img decoding=\"async\" class=\"emoji\" role=\"img\" draggable=\"false\" src=\"https:\/\/s.w.org\/images\/core\/emoji\/17.0.2\/svg\/1f4b3.svg\" alt=\"\ud83d\udcb3\" \/> Teste o Clube\u00a0<\/h3>\n<h2 data-start=\"1129\" data-end=\"1149\"><strong data-start=\"1132\" data-end=\"1149\">Apenas R$ 4,99 no primeiro m\u00eas.<\/strong><\/h2>\n<h2 data-start=\"1129\" data-end=\"1149\"><strong data-start=\"1132\" data-end=\"1149\"> Depois R$ 9,90 \/ m\u00eas<\/strong><\/h2>\n<p data-start=\"1151\" data-end=\"1192\"><img decoding=\"async\" class=\"emoji\" role=\"img\" draggable=\"false\" src=\"https:\/\/s.w.org\/images\/core\/emoji\/17.0.2\/svg\/1f512.svg\" alt=\"\ud83d\udd12\" \/> Sem fidelidade \u2022 Cancele quando quiser<\/p>\t\t\t\t\t\t\t\t<\/div>\n\t\t\t\t<div class=\"elementor-element elementor-element-8e7db35 elementor-widget elementor-widget-button\" data-id=\"8e7db35\" data-element_type=\"widget\" data-e-type=\"widget\" data-widget_type=\"button.default\">\n\t\t\t\t\t\t\t\t\t\t<a class=\"elementor-button elementor-button-link elementor-size-sm\" href=\"https:\/\/dinhosreef.com\/pagamento-da-associacao\/?pmpro_level=2\">\n\t\t\t\t\t\t<span class=\"elementor-button-content-wrapper\">\n\t\t\t\t\t\t\t\t\t<span class=\"elementor-button-text\">Clique aqui<\/span>\n\t\t\t\t\t<\/span>\n\t\t\t\t\t<\/a>\n\t\t\t\t\t\t\t\t<\/div>\n\t\t\t\t<\/div>\n\t\t<div class=\"elementor-element elementor-element-d350733 e-con-full e-flex e-con e-child\" data-id=\"d350733\" data-element_type=\"container\" data-e-type=\"container\">\n\t\t\t\t<div class=\"elementor-element elementor-element-1135739 elementor-widget elementor-widget-heading\" data-id=\"1135739\" data-element_type=\"widget\" data-e-type=\"widget\" data-widget_type=\"heading.default\">\n\t\t\t\t\t<h2 class=\"elementor-heading-title elementor-size-default\">Dinho'S Club - Gr\u00e1tis<\/h2>\t\t\t\t<\/div>\n\t\t\t\t<div class=\"elementor-element elementor-element-15b27fd elementor-widget elementor-widget-text-editor\" data-id=\"15b27fd\" data-element_type=\"widget\" data-e-type=\"widget\" data-widget_type=\"text-editor.default\">\n\t\t\t\t\t\t\t\t\t<h3 data-start=\"279\" data-end=\"312\"><img decoding=\"async\" class=\"emoji\" role=\"img\" draggable=\"false\" src=\"https:\/\/s.w.org\/images\/core\/emoji\/17.0.2\/svg\/1f30a.svg\" alt=\"\ud83c\udf0a\" \/> DinhoS Club \u2013 Plano Gr\u00e1tis<\/h3>\n<p data-start=\"314\" data-end=\"449\"><img decoding=\"async\" class=\"emoji\" role=\"img\" draggable=\"false\" src=\"https:\/\/s.w.org\/images\/core\/emoji\/17.0.2\/svg\/1f48e.svg\" alt=\"\ud83d\udc8e\" \/> <strong data-start=\"317\" data-end=\"347\">Ganhe Reefs em cada compra<\/strong><br data-start=\"347\" data-end=\"350\" \/>A cada <strong data-start=\"357\" data-end=\"376\">R$ 20,00 gastos<\/strong>, voc\u00ea ganha <strong data-start=\"389\" data-end=\"399\">1 Reef<\/strong> para trocar por descontos e vantagens exclusivas.<\/p>\n<p data-start=\"451\" data-end=\"584\"><img decoding=\"async\" class=\"emoji\" role=\"img\" draggable=\"false\" src=\"https:\/\/s.w.org\/images\/core\/emoji\/17.0.2\/svg\/23f3.svg\" alt=\"\u23f3\" \/> <strong data-start=\"453\" data-end=\"477\">Validade inteligente<\/strong><br data-start=\"477\" data-end=\"480\" \/>Seus Reefs t\u00eam validade de <strong data-start=\"507\" data-end=\"518\">60 dias<\/strong>, incentivando voc\u00ea a aproveitar sempre as melhores oportunidades.<\/p>\n<p data-start=\"586\" data-end=\"730\"><img decoding=\"async\" class=\"emoji\" role=\"img\" draggable=\"false\" src=\"https:\/\/s.w.org\/images\/core\/emoji\/17.0.2\/svg\/1f513.svg\" alt=\"\ud83d\udd13\" \/> <strong data-start=\"589\" data-end=\"616\">Libera\u00e7\u00e3o ap\u00f3s a compra<\/strong><br data-start=\"616\" data-end=\"619\" \/>Os Reefs conquistados ficam dispon\u00edveis <strong data-start=\"659\" data-end=\"691\">ap\u00f3s a confirma\u00e7\u00e3o do pedido<\/strong>, garantindo seguran\u00e7a e transpar\u00eancia.<\/p>\n<p data-start=\"732\" data-end=\"790\"><img decoding=\"async\" class=\"emoji\" role=\"img\" draggable=\"false\" src=\"https:\/\/s.w.org\/images\/core\/emoji\/17.0.2\/svg\/1f381.svg\" alt=\"\ud83c\udf81\" \/> <strong data-start=\"735\" data-end=\"767\">Troque por recompensas reais<\/strong><br data-start=\"767\" data-end=\"770\" \/>Use seus Reefs para:<\/p>\n<ul data-start=\"791\" data-end=\"868\">\n<li data-start=\"791\" data-end=\"812\">\n<p data-start=\"793\" data-end=\"812\">descontos na loja online<\/p>\n<\/li>\n<li data-start=\"813\" data-end=\"833\">\n<p data-start=\"815\" data-end=\"833\">cupons especiais<\/p>\n<\/li>\n<li data-start=\"834\" data-end=\"868\">\n<p data-start=\"836\" data-end=\"868\">benef\u00edcios exclusivos do clube<\/p>\n<\/li>\n<\/ul>\n<p data-start=\"870\" data-end=\"946\"><img decoding=\"async\" class=\"emoji\" role=\"img\" draggable=\"false\" src=\"https:\/\/s.w.org\/images\/core\/emoji\/17.0.2\/svg\/1f680.svg\" alt=\"\ud83d\ude80\" \/> <strong data-start=\"873\" data-end=\"903\">Sem custo, sem mensalidade<\/strong><br data-start=\"903\" data-end=\"906\" \/>Entrou, j\u00e1 participa. Comprou, j\u00e1 ganha.<\/p>\n<p data-start=\"870\" data-end=\"946\"><img decoding=\"async\" class=\"emoji\" role=\"img\" draggable=\"false\" src=\"https:\/\/s.w.org\/images\/core\/emoji\/17.0.2\/svg\/1f3ec.svg\" alt=\"\ud83c\udfec\" \/> &#8220;Clube Loja Online&#8221;Todos os benef\u00edcios s\u00e3o v\u00e1lidos em nossos sites.<\/p>\n<hr data-start=\"1094\" data-end=\"1097\" \/>\n<h2 data-start=\"870\" data-end=\"946\"><strong>Tudo isso Gr\u00e1tis<\/strong><\/h2>\n<div><strong>\u00a0<\/strong><\/div>\n<div>\u00a0<\/div>\n<div><strong>\u00a0<\/strong><img decoding=\"async\" class=\"emoji\" role=\"img\" draggable=\"false\" src=\"https:\/\/s.w.org\/images\/core\/emoji\/17.0.2\/svg\/1f512.svg\" alt=\"\ud83d\udd12\" \/> Sem fidelidade \u2022 Cancele quando quiser<\/div>\n<div>\u00a0<\/div>\n<div>\u00a0<\/div>\n<div>\u00a0<\/div>\t\t\t\t\t\t\t\t<\/div>\n\t\t\t\t<div class=\"elementor-element elementor-element-8c15010 elementor-widget elementor-widget-button\" data-id=\"8c15010\" data-element_type=\"widget\" data-e-type=\"widget\" data-widget_type=\"button.default\">\n\t\t\t\t\t\t\t\t\t\t<a class=\"elementor-button elementor-button-link elementor-size-sm\" href=\"https:\/\/dinhosreef.com\/pagamento-da-associacao\/?pmpro_level=1\">\n\t\t\t\t\t\t<span class=\"elementor-button-content-wrapper\">\n\t\t\t\t\t\t\t\t\t<span class=\"elementor-button-text\">Clique aqui<\/span>\n\t\t\t\t\t<\/span>\n\t\t\t\t\t<\/a>\n\t\t\t\t\t\t\t\t<\/div>\n\t\t\t\t<\/div>\n\t\t\t\t<\/div>\n\t\t\t\t\t<\/div>\n\t\t\t\t<\/div>\n\t\t<div class=\"elementor-element elementor-element-595bfee e-flex e-con-boxed e-con e-parent\" data-id=\"595bfee\" data-element_type=\"container\" data-e-type=\"container\">\n\t\t\t\t\t<div class=\"e-con-inner\">\n\t\t<div class=\"elementor-element elementor-element-6d041c2 e-con-full e-flex e-con e-child\" data-id=\"6d041c2\" data-element_type=\"container\" data-e-type=\"container\">\n\t\t\t\t<div class=\"elementor-element elementor-element-f43d167 elementor-widget elementor-widget-text-editor\" data-id=\"f43d167\" data-element_type=\"widget\" data-e-type=\"widget\" data-widget_type=\"text-editor.default\">\n\t\t\t\t\t\t\t\t\t<table class=\"table m-0\"><thead><tr class=\"bg-color-primary text-color-white\"><th>Reefs<\/th><th>Pr\u00eamio<\/th><\/tr><\/thead><tbody><tr><td>40<\/td><td>1 Vale compras de R$20,00!<\/td><\/tr><tr><td>50<\/td><td>1 Vale compras de R$25,00!<\/td><\/tr><tr><td>60<\/td><td>1 Vale compras de R$30,00!<\/td><\/tr><tr><td>80<\/td><td>1 Vale compras de R$40,00!<\/td><\/tr><tr><td>120<\/td><td>1 Vale compras de R$60,00!<\/td><\/tr><tr><td>140<\/td><td>1 Vale compras de R$70,00!<\/td><\/tr><tr><td>160<\/td><td>1 Vale compras de R$80,00!<\/td><\/tr><\/tbody><\/table>\t\t\t\t\t\t\t\t<\/div>\n\t\t\t\t<\/div>\n\t\t\t\t\t<\/div>\n\t\t\t\t<\/div>\n\t\t\t\t<\/div>\n\t\t","protected":false},"excerpt":{"rendered":"<p>\u00a0 &#8220;Assine em DinhoSReef.com&#8221; Plano DinhoS Club &#8211; Pro DinhoS Club \u2013 Plano PRO Ganhe Reefs em todas as comprasA cada R$ 20,00 gastos, voc\u00ea ganha 1 Reef para trocar por descontos e benef\u00edcios exclusivos. Validade inteligenteSeus Reefs t\u00eam validade de 60 dias, dando liberdade total para planejar seus resgates. Reefs liberados rapidamenteOs Reefs conquistados [&hellip;]<\/p>\n","protected":false},"author":1,"featured_media":0,"parent":0,"menu_order":0,"comment_status":"closed","ping_status":"closed","template":"","meta":{"pmpro_default_level":"","footnotes":""},"class_list":["post-1515","page","type-page","status-publish","hentry","pmpro-has-access"],"_links":{"self":[{"href":"https:\/\/club.dinhosreef.com\/en\/wp-json\/wp\/v2\/pages\/1515","targetHints":{"allow":["GET"]}}],"collection":[{"href":"https:\/\/club.dinhosreef.com\/en\/wp-json\/wp\/v2\/pages"}],"about":[{"href":"https:\/\/club.dinhosreef.com\/en\/wp-json\/wp\/v2\/types\/page"}],"author":[{"embeddable":true,"href":"https:\/\/club.dinhosreef.com\/en\/wp-json\/wp\/v2\/users\/1"}],"replies":[{"embeddable":true,"href":"https:\/\/club.dinhosreef.com\/en\/wp-json\/wp\/v2\/comments?post=1515"}],"version-history":[{"count":26,"href":"https:\/\/club.dinhosreef.com\/en\/wp-json\/wp\/v2\/pages\/1515\/revisions"}],"predecessor-version":[{"id":1742,"href":"https:\/\/club.dinhosreef.com\/en\/wp-json\/wp\/v2\/pages\/1515\/revisions\/1742"}],"wp:attachment":[{"href":"https:\/\/club.dinhosreef.com\/en\/wp-json\/wp\/v2\/media?parent=1515"}],"curies":[{"name":"wp","href":"https:\/\/api.w.org\/{rel}","templated":true}]}}